{"id":33,"date":"2017-08-17T11:30:17","date_gmt":"2017-08-17T11:30:17","guid":{"rendered":"http:\/\/klopfen-hilft.de\/?page_id=33"},"modified":"2024-06-04T09:57:26","modified_gmt":"2024-06-04T09:57:26","slug":"person-3","status":"publish","type":"page","link":"https:\/\/klopfen-hilft.de\/?page_id=33","title":{"rendered":"\u00dcber mich"},"content":{"rendered":"<ul>\n<li>Diplompsychologin<img loading=\"lazy\" decoding=\"async\" class=\"wp-image-322 alignright\" src=\"https:\/\/klopfen-hilft.de\/wp-content\/uploads\/2017\/08\/cropped-Antje_Brunnabend_154kl.jpg\" alt=\"\" width=\"110\" height=\"110\" srcset=\"https:\/\/klopfen-hilft.de\/wp-content\/uploads\/2017\/08\/cropped-Antje_Brunnabend_154kl.jpg 250w, https:\/\/klopfen-hilft.de\/wp-content\/uploads\/2017\/08\/cropped-Antje_Brunnabend_154kl-100x100.jpg 100w\" sizes=\"(max-width: 110px) 100vw, 110px\" \/><\/li>\n<li>Heilpraktikerin (Psychotherapie)<\/li>\n<li>Trainerin im Verband f\u00fcr Klopfakupressur<\/li>\n<li>\u00a0Journalistin und Redakteurin<\/li>\n<\/ul>\n<p>&nbsp;<\/p>\n<p>Mein Leben lang habe ich mich f\u00fcr Themen wie Gesundheit und Heilung interessiert. Nach Selbsterfahrung und Fortbildung in verschiedenen Richtungen (Verhaltenstherapie, Transaktionanalyse, Gestalttherapie, Reiki &#8230;) stie\u00df ich 2005 auf EFT (Emotional Freedom Techniques) und war \u2013 nach anf\u00e4nglicher Skepsis \u2013 von der Wirkung so fasziniert, da\u00df ich versuchte, so viel wie m\u00f6glich dar\u00fcber zu lernen, aus therapeutischer wie auch aus wissenschaftsjournalistischer Sicht.<\/p>\n<p>Besonders viel gelernt habe ich von Gary Craig, Steve Wells und David Lake, Tapas Fleming, Carol Look, Patricia Carrington, Karl Dawson sowie von Michael Bohne, Gunther Schmidt und Bernhard Trenkle und ihrer Tagung &#8222;Reden reicht nicht!?&#8220;.<\/p>\n<p>Ich habe viele der damals gebr\u00e4uchlichen Fortbildungszertifikate erworben (u. a. von Gary Craig) und wurde vom damaligen EFT-D.A.CH-Verband, heute Verband f\u00fcr Klopfakupressur, ausgebildet und als Trainerin zertifiziert.<\/p>\n<p>Besonders viel zu verdanken habe ich Helmi, Gestalttherapeutin und Sufi-Lehrerin, die mich jahrzehntelang begleitet hat.<\/p>\n","protected":false},"excerpt":{"rendered":"<p>Diplompsychologin Heilpraktikerin (Psychotherapie) Trainerin im Verband f\u00fcr Klopfakupressur \u00a0Journalistin und Redakteurin &nbsp; Mein Leben lang habe ich mich f\u00fcr Themen wie Gesundheit und Heilung interessiert. Nach Selbsterfahrung und Fortbildung in verschiedenen Richtungen (Verhaltenstherapie, Transaktionanalyse, Gestalttherapie, Reiki &#8230;) stie\u00df ich 2005 auf EFT (Emotional Freedom Techniques) und war \u2013 nach anf\u00e4nglicher Skepsis \u2013 von der Wirkung &hellip; <\/p>\n<p class=\"link-more\"><a href=\"https:\/\/klopfen-hilft.de\/?page_id=33\" class=\"more-link\"><span class=\"screen-reader-text\">\u201e\u00dcber mich\u201c<\/span> weiterlesen<\/a><\/p>\n","protected":false},"author":1,"featured_media":0,"parent":0,"menu_order":2,"comment_status":"closed","ping_status":"closed","template":"","meta":{"footnotes":""},"yoast_head":"<!-- This site is optimized with the Yoast SEO plugin v22.8 - https:\/\/yoast.com\/wordpress\/plugins\/seo\/ -->\n<title>\u00dcber mich - Reden reicht nicht \u2013 Klopfen hilft!<\/title>\n<meta name=\"robots\" content=\"index, follow, max-snippet:-1, max-image-preview:large, max-video-preview:-1\" \/>\n<link rel=\"canonical\" href=\"https:\/\/klopfen-hilft.de\/?page_id=33\" \/>\n<meta property=\"og:locale\" content=\"de_DE\" \/>\n<meta property=\"og:type\" content=\"article\" \/>\n<meta property=\"og:title\" content=\"\u00dcber mich - Reden reicht nicht \u2013 Klopfen hilft!\" \/>\n<meta property=\"og:description\" content=\"Diplompsychologin Heilpraktikerin (Psychotherapie) Trainerin im Verband f\u00fcr Klopfakupressur \u00a0Journalistin und Redakteurin &nbsp; Mein Leben lang habe ich mich f\u00fcr Themen wie Gesundheit und Heilung interessiert. Nach Selbsterfahrung und Fortbildung in verschiedenen Richtungen (Verhaltenstherapie, Transaktionanalyse, Gestalttherapie, Reiki &#8230;) stie\u00df ich 2005 auf EFT (Emotional Freedom Techniques) und war \u2013 nach anf\u00e4nglicher Skepsis \u2013 von der Wirkung &hellip; \u201e\u00dcber mich\u201c weiterlesen\" \/>\n<meta property=\"og:url\" content=\"https:\/\/klopfen-hilft.de\/?page_id=33\" \/>\n<meta property=\"og:site_name\" content=\"Reden reicht nicht \u2013 Klopfen hilft!\" \/>\n<meta property=\"article:modified_time\" content=\"2024-06-04T09:57:26+00:00\" \/>\n<meta property=\"og:image\" content=\"https:\/\/klopfen-hilft.de\/wp-content\/uploads\/2017\/08\/cropped-Antje_Brunnabend_154kl.jpg\" \/>\n<meta name=\"twitter:card\" content=\"summary_large_image\" \/>\n<meta name=\"twitter:label1\" content=\"Gesch\u00e4tzte Lesezeit\" \/>\n\t<meta name=\"twitter:data1\" content=\"2\u00a0Minuten\" \/>\n<script type=\"application\/ld+json\" class=\"yoast-schema-graph\">{\"@context\":\"https:\/\/schema.org\",\"@graph\":[{\"@type\":\"WebPage\",\"@id\":\"https:\/\/klopfen-hilft.de\/?page_id=33\",\"url\":\"https:\/\/klopfen-hilft.de\/?page_id=33\",\"name\":\"\u00dcber mich - Reden reicht nicht \u2013 Klopfen hilft!\",\"isPartOf\":{\"@id\":\"https:\/\/klopfen-hilft.de\/#website\"},\"primaryImageOfPage\":{\"@id\":\"https:\/\/klopfen-hilft.de\/?page_id=33#primaryimage\"},\"image\":{\"@id\":\"https:\/\/klopfen-hilft.de\/?page_id=33#primaryimage\"},\"thumbnailUrl\":\"https:\/\/klopfen-hilft.de\/wp-content\/uploads\/2017\/08\/cropped-Antje_Brunnabend_154kl.jpg\",\"datePublished\":\"2017-08-17T11:30:17+00:00\",\"dateModified\":\"2024-06-04T09:57:26+00:00\",\"breadcrumb\":{\"@id\":\"https:\/\/klopfen-hilft.de\/?page_id=33#breadcrumb\"},\"inLanguage\":\"de\",\"potentialAction\":[{\"@type\":\"ReadAction\",\"target\":[\"https:\/\/klopfen-hilft.de\/?page_id=33\"]}]},{\"@type\":\"ImageObject\",\"inLanguage\":\"de\",\"@id\":\"https:\/\/klopfen-hilft.de\/?page_id=33#primaryimage\",\"url\":\"https:\/\/klopfen-hilft.de\/wp-content\/uploads\/2017\/08\/cropped-Antje_Brunnabend_154kl.jpg\",\"contentUrl\":\"https:\/\/klopfen-hilft.de\/wp-content\/uploads\/2017\/08\/cropped-Antje_Brunnabend_154kl.jpg\",\"width\":250,\"height\":250},{\"@type\":\"BreadcrumbList\",\"@id\":\"https:\/\/klopfen-hilft.de\/?page_id=33#breadcrumb\",\"itemListElement\":[{\"@type\":\"ListItem\",\"position\":1,\"name\":\"Startseite\",\"item\":\"https:\/\/klopfen-hilft.de\/\"},{\"@type\":\"ListItem\",\"position\":2,\"name\":\"\u00dcber mich\"}]},{\"@type\":\"WebSite\",\"@id\":\"https:\/\/klopfen-hilft.de\/#website\",\"url\":\"https:\/\/klopfen-hilft.de\/\",\"name\":\"Reden reicht nicht \u2013 Klopfen hilft!\",\"description\":\"Gesundheit und Wohlbefinden mit energetischer Psychologie\",\"potentialAction\":[{\"@type\":\"SearchAction\",\"target\":{\"@type\":\"EntryPoint\",\"urlTemplate\":\"https:\/\/klopfen-hilft.de\/?s={search_term_string}\"},\"query-input\":\"required name=search_term_string\"}],\"inLanguage\":\"de\"}]}<\/script>\n<!-- \/ Yoast SEO plugin. -->","yoast_head_json":{"title":"\u00dcber mich - Reden reicht nicht \u2013 Klopfen hilft!","robots":{"index":"index","follow":"follow","max-snippet":"max-snippet:-1","max-image-preview":"max-image-preview:large","max-video-preview":"max-video-preview:-1"},"canonical":"https:\/\/klopfen-hilft.de\/?page_id=33","og_locale":"de_DE","og_type":"article","og_title":"\u00dcber mich - Reden reicht nicht \u2013 Klopfen hilft!","og_description":"Diplompsychologin Heilpraktikerin (Psychotherapie) Trainerin im Verband f\u00fcr Klopfakupressur \u00a0Journalistin und Redakteurin &nbsp; Mein Leben lang habe ich mich f\u00fcr Themen wie Gesundheit und Heilung interessiert. Nach Selbsterfahrung und Fortbildung in verschiedenen Richtungen (Verhaltenstherapie, Transaktionanalyse, Gestalttherapie, Reiki &#8230;) stie\u00df ich 2005 auf EFT (Emotional Freedom Techniques) und war \u2013 nach anf\u00e4nglicher Skepsis \u2013 von der Wirkung &hellip; \u201e\u00dcber mich\u201c weiterlesen","og_url":"https:\/\/klopfen-hilft.de\/?page_id=33","og_site_name":"Reden reicht nicht \u2013 Klopfen hilft!","article_modified_time":"2024-06-04T09:57:26+00:00","og_image":[{"url":"https:\/\/klopfen-hilft.de\/wp-content\/uploads\/2017\/08\/cropped-Antje_Brunnabend_154kl.jpg"}],"twitter_card":"summary_large_image","twitter_misc":{"Gesch\u00e4tzte Lesezeit":"2\u00a0Minuten"},"schema":{"@context":"https:\/\/schema.org","@graph":[{"@type":"WebPage","@id":"https:\/\/klopfen-hilft.de\/?page_id=33","url":"https:\/\/klopfen-hilft.de\/?page_id=33","name":"\u00dcber mich - Reden reicht nicht \u2013 Klopfen hilft!","isPartOf":{"@id":"https:\/\/klopfen-hilft.de\/#website"},"primaryImageOfPage":{"@id":"https:\/\/klopfen-hilft.de\/?page_id=33#primaryimage"},"image":{"@id":"https:\/\/klopfen-hilft.de\/?page_id=33#primaryimage"},"thumbnailUrl":"https:\/\/klopfen-hilft.de\/wp-content\/uploads\/2017\/08\/cropped-Antje_Brunnabend_154kl.jpg","datePublished":"2017-08-17T11:30:17+00:00","dateModified":"2024-06-04T09:57:26+00:00","breadcrumb":{"@id":"https:\/\/klopfen-hilft.de\/?page_id=33#breadcrumb"},"inLanguage":"de","potentialAction":[{"@type":"ReadAction","target":["https:\/\/klopfen-hilft.de\/?page_id=33"]}]},{"@type":"ImageObject","inLanguage":"de","@id":"https:\/\/klopfen-hilft.de\/?page_id=33#primaryimage","url":"https:\/\/klopfen-hilft.de\/wp-content\/uploads\/2017\/08\/cropped-Antje_Brunnabend_154kl.jpg","contentUrl":"https:\/\/klopfen-hilft.de\/wp-content\/uploads\/2017\/08\/cropped-Antje_Brunnabend_154kl.jpg","width":250,"height":250},{"@type":"BreadcrumbList","@id":"https:\/\/klopfen-hilft.de\/?page_id=33#breadcrumb","itemListElement":[{"@type":"ListItem","position":1,"name":"Startseite","item":"https:\/\/klopfen-hilft.de\/"},{"@type":"ListItem","position":2,"name":"\u00dcber mich"}]},{"@type":"WebSite","@id":"https:\/\/klopfen-hilft.de\/#website","url":"https:\/\/klopfen-hilft.de\/","name":"Reden reicht nicht \u2013 Klopfen hilft!","description":"Gesundheit und Wohlbefinden mit energetischer Psychologie","potentialAction":[{"@type":"SearchAction","target":{"@type":"EntryPoint","urlTemplate":"https:\/\/klopfen-hilft.de\/?s={search_term_string}"},"query-input":"required name=search_term_string"}],"inLanguage":"de"}]}},"_links":{"self":[{"href":"https:\/\/klopfen-hilft.de\/index.php?rest_route=\/wp\/v2\/pages\/33"}],"collection":[{"href":"https:\/\/klopfen-hilft.de\/index.php?rest_route=\/wp\/v2\/pages"}],"about":[{"href":"https:\/\/klopfen-hilft.de\/index.php?rest_route=\/wp\/v2\/types\/page"}],"author":[{"embeddable":true,"href":"https:\/\/klopfen-hilft.de\/index.php?rest_route=\/wp\/v2\/users\/1"}],"replies":[{"embeddable":true,"href":"https:\/\/klopfen-hilft.de\/index.php?rest_route=%2Fwp%2Fv2%2Fcomments&post=33"}],"version-history":[{"count":15,"href":"https:\/\/klopfen-hilft.de\/index.php?rest_route=\/wp\/v2\/pages\/33\/revisions"}],"predecessor-version":[{"id":405,"href":"https:\/\/klopfen-hilft.de\/index.php?rest_route=\/wp\/v2\/pages\/33\/revisions\/405"}],"wp:attachment":[{"href":"https:\/\/klopfen-hilft.de\/index.php?rest_route=%2Fwp%2Fv2%2Fmedia&parent=33"}],"curies":[{"name":"wp","href":"https:\/\/api.w.org\/{rel}","templated":true}]}}