{"id":279,"date":"2019-11-24T17:48:45","date_gmt":"2019-11-24T17:48:45","guid":{"rendered":"http:\/\/klopfen-hilft.de\/?page_id=279"},"modified":"2023-05-29T11:07:24","modified_gmt":"2023-05-29T11:07:24","slug":"kontakt-impressum","status":"publish","type":"page","link":"https:\/\/klopfen-hilft.de\/?page_id=279","title":{"rendered":"Kontakt Impressum Datenschutz"},"content":{"rendered":"<p><strong>Antje Brunnabend<\/strong><br \/>\nDiplompsychologin<br \/>\nHeilpraktikerin (Psychotherapie)<br \/>\nTrainerin im Verband f\u00fcr Klopfakupressur e. V.<\/p>\n<p>Saarlandstra\u00dfe 6 d<br \/>\nHamburg (N\u00e4he Stadtpark)<br \/>\nTelefon 040 389 29 29<br \/>\nMobil 01573 552 45 77<\/p>\n<p>abrunnabend (at) t-online.de<br \/>\nwww.klopfen-hilft.de<\/p>\n<p><strong>Datenschutz<\/strong><\/p>\n<p>Diese Seite benutzt Cookies f\u00fcr die Funktion des Systems WordPress. Eine weitere Verarbeitung findet nicht statt.<\/p>\n<p>Wenn Sie uns eine E-Mail schreiben, wird diese sowie die Adresse automatisch im E-Mail Programm gespeichert, der Zweck ist die Kontaktaufnahme.<\/p>\n","protected":false},"excerpt":{"rendered":"<p>Antje Brunnabend Diplompsychologin Heilpraktikerin (Psychotherapie) Trainerin im Verband f\u00fcr Klopfakupressur e. V. Saarlandstra\u00dfe 6 d Hamburg (N\u00e4he Stadtpark) Telefon 040 389 29 29 Mobil 01573 552 45 77 abrunnabend (at) t-online.de www.klopfen-hilft.de Datenschutz Diese Seite benutzt Cookies f\u00fcr die Funktion des Systems WordPress. Eine weitere Verarbeitung findet nicht statt. Wenn Sie uns eine E-Mail schreiben, &hellip; <\/p>\n<p class=\"link-more\"><a href=\"https:\/\/klopfen-hilft.de\/?page_id=279\" class=\"more-link\"><span class=\"screen-reader-text\">\u201eKontakt Impressum Datenschutz\u201c<\/span> weiterlesen<\/a><\/p>\n","protected":false},"author":1,"featured_media":0,"parent":0,"menu_order":3,"comment_status":"closed","ping_status":"closed","template":"","meta":{"footnotes":""},"yoast_head":"<!-- This site is optimized with the Yoast SEO plugin v22.8 - https:\/\/yoast.com\/wordpress\/plugins\/seo\/ -->\n<title>Kontakt Impressum Datenschutz - Reden reicht nicht \u2013 Klopfen hilft!<\/title>\n<meta name=\"robots\" content=\"index, follow, max-snippet:-1, max-image-preview:large, max-video-preview:-1\" \/>\n<link rel=\"canonical\" href=\"https:\/\/klopfen-hilft.de\/?page_id=279\" \/>\n<meta property=\"og:locale\" content=\"de_DE\" \/>\n<meta property=\"og:type\" content=\"article\" \/>\n<meta property=\"og:title\" content=\"Kontakt Impressum Datenschutz - Reden reicht nicht \u2013 Klopfen hilft!\" \/>\n<meta property=\"og:description\" content=\"Antje Brunnabend Diplompsychologin Heilpraktikerin (Psychotherapie) Trainerin im Verband f\u00fcr Klopfakupressur e. V. Saarlandstra\u00dfe 6 d Hamburg (N\u00e4he Stadtpark) Telefon 040 389 29 29 Mobil 01573 552 45 77 abrunnabend (at) t-online.de www.klopfen-hilft.de Datenschutz Diese Seite benutzt Cookies f\u00fcr die Funktion des Systems WordPress. Eine weitere Verarbeitung findet nicht statt. Wenn Sie uns eine E-Mail schreiben, &hellip; \u201eKontakt Impressum Datenschutz\u201c weiterlesen\" \/>\n<meta property=\"og:url\" content=\"https:\/\/klopfen-hilft.de\/?page_id=279\" \/>\n<meta property=\"og:site_name\" content=\"Reden reicht nicht \u2013 Klopfen hilft!\" \/>\n<meta property=\"article:modified_time\" content=\"2023-05-29T11:07:24+00:00\" \/>\n<meta name=\"twitter:card\" content=\"summary_large_image\" \/>\n<meta name=\"twitter:label1\" content=\"Gesch\u00e4tzte Lesezeit\" \/>\n\t<meta name=\"twitter:data1\" content=\"1\u00a0Minute\" \/>\n<script type=\"application\/ld+json\" class=\"yoast-schema-graph\">{\"@context\":\"https:\/\/schema.org\",\"@graph\":[{\"@type\":\"WebPage\",\"@id\":\"https:\/\/klopfen-hilft.de\/?page_id=279\",\"url\":\"https:\/\/klopfen-hilft.de\/?page_id=279\",\"name\":\"Kontakt Impressum Datenschutz - Reden reicht nicht \u2013 Klopfen hilft!\",\"isPartOf\":{\"@id\":\"https:\/\/klopfen-hilft.de\/#website\"},\"datePublished\":\"2019-11-24T17:48:45+00:00\",\"dateModified\":\"2023-05-29T11:07:24+00:00\",\"breadcrumb\":{\"@id\":\"https:\/\/klopfen-hilft.de\/?page_id=279#breadcrumb\"},\"inLanguage\":\"de\",\"potentialAction\":[{\"@type\":\"ReadAction\",\"target\":[\"https:\/\/klopfen-hilft.de\/?page_id=279\"]}]},{\"@type\":\"BreadcrumbList\",\"@id\":\"https:\/\/klopfen-hilft.de\/?page_id=279#breadcrumb\",\"itemListElement\":[{\"@type\":\"ListItem\",\"position\":1,\"name\":\"Startseite\",\"item\":\"https:\/\/klopfen-hilft.de\/\"},{\"@type\":\"ListItem\",\"position\":2,\"name\":\"Kontakt Impressum Datenschutz\"}]},{\"@type\":\"WebSite\",\"@id\":\"https:\/\/klopfen-hilft.de\/#website\",\"url\":\"https:\/\/klopfen-hilft.de\/\",\"name\":\"Reden reicht nicht \u2013 Klopfen hilft!\",\"description\":\"Gesundheit und Wohlbefinden mit energetischer Psychologie\",\"potentialAction\":[{\"@type\":\"SearchAction\",\"target\":{\"@type\":\"EntryPoint\",\"urlTemplate\":\"https:\/\/klopfen-hilft.de\/?s={search_term_string}\"},\"query-input\":\"required name=search_term_string\"}],\"inLanguage\":\"de\"}]}<\/script>\n<!-- \/ Yoast SEO plugin. -->","yoast_head_json":{"title":"Kontakt Impressum Datenschutz - Reden reicht nicht \u2013 Klopfen hilft!","robots":{"index":"index","follow":"follow","max-snippet":"max-snippet:-1","max-image-preview":"max-image-preview:large","max-video-preview":"max-video-preview:-1"},"canonical":"https:\/\/klopfen-hilft.de\/?page_id=279","og_locale":"de_DE","og_type":"article","og_title":"Kontakt Impressum Datenschutz - Reden reicht nicht \u2013 Klopfen hilft!","og_description":"Antje Brunnabend Diplompsychologin Heilpraktikerin (Psychotherapie) Trainerin im Verband f\u00fcr Klopfakupressur e. V. Saarlandstra\u00dfe 6 d Hamburg (N\u00e4he Stadtpark) Telefon 040 389 29 29 Mobil 01573 552 45 77 abrunnabend (at) t-online.de www.klopfen-hilft.de Datenschutz Diese Seite benutzt Cookies f\u00fcr die Funktion des Systems WordPress. Eine weitere Verarbeitung findet nicht statt. Wenn Sie uns eine E-Mail schreiben, &hellip; \u201eKontakt Impressum Datenschutz\u201c weiterlesen","og_url":"https:\/\/klopfen-hilft.de\/?page_id=279","og_site_name":"Reden reicht nicht \u2013 Klopfen hilft!","article_modified_time":"2023-05-29T11:07:24+00:00","twitter_card":"summary_large_image","twitter_misc":{"Gesch\u00e4tzte Lesezeit":"1\u00a0Minute"},"schema":{"@context":"https:\/\/schema.org","@graph":[{"@type":"WebPage","@id":"https:\/\/klopfen-hilft.de\/?page_id=279","url":"https:\/\/klopfen-hilft.de\/?page_id=279","name":"Kontakt Impressum Datenschutz - Reden reicht nicht \u2013 Klopfen hilft!","isPartOf":{"@id":"https:\/\/klopfen-hilft.de\/#website"},"datePublished":"2019-11-24T17:48:45+00:00","dateModified":"2023-05-29T11:07:24+00:00","breadcrumb":{"@id":"https:\/\/klopfen-hilft.de\/?page_id=279#breadcrumb"},"inLanguage":"de","potentialAction":[{"@type":"ReadAction","target":["https:\/\/klopfen-hilft.de\/?page_id=279"]}]},{"@type":"BreadcrumbList","@id":"https:\/\/klopfen-hilft.de\/?page_id=279#breadcrumb","itemListElement":[{"@type":"ListItem","position":1,"name":"Startseite","item":"https:\/\/klopfen-hilft.de\/"},{"@type":"ListItem","position":2,"name":"Kontakt Impressum Datenschutz"}]},{"@type":"WebSite","@id":"https:\/\/klopfen-hilft.de\/#website","url":"https:\/\/klopfen-hilft.de\/","name":"Reden reicht nicht \u2013 Klopfen hilft!","description":"Gesundheit und Wohlbefinden mit energetischer Psychologie","potentialAction":[{"@type":"SearchAction","target":{"@type":"EntryPoint","urlTemplate":"https:\/\/klopfen-hilft.de\/?s={search_term_string}"},"query-input":"required name=search_term_string"}],"inLanguage":"de"}]}},"_links":{"self":[{"href":"https:\/\/klopfen-hilft.de\/index.php?rest_route=\/wp\/v2\/pages\/279"}],"collection":[{"href":"https:\/\/klopfen-hilft.de\/index.php?rest_route=\/wp\/v2\/pages"}],"about":[{"href":"https:\/\/klopfen-hilft.de\/index.php?rest_route=\/wp\/v2\/types\/page"}],"author":[{"embeddable":true,"href":"https:\/\/klopfen-hilft.de\/index.php?rest_route=\/wp\/v2\/users\/1"}],"replies":[{"embeddable":true,"href":"https:\/\/klopfen-hilft.de\/index.php?rest_route=%2Fwp%2Fv2%2Fcomments&post=279"}],"version-history":[{"count":5,"href":"https:\/\/klopfen-hilft.de\/index.php?rest_route=\/wp\/v2\/pages\/279\/revisions"}],"predecessor-version":[{"id":371,"href":"https:\/\/klopfen-hilft.de\/index.php?rest_route=\/wp\/v2\/pages\/279\/revisions\/371"}],"wp:attachment":[{"href":"https:\/\/klopfen-hilft.de\/index.php?rest_route=%2Fwp%2Fv2%2Fmedia&parent=279"}],"curies":[{"name":"wp","href":"https:\/\/api.w.org\/{rel}","templated":true}]}}