{"id":111,"date":"2017-09-10T13:34:21","date_gmt":"2017-09-10T13:34:21","guid":{"rendered":"http:\/\/klopfen-hilft.de\/?page_id=111"},"modified":"2023-05-30T14:12:38","modified_gmt":"2023-05-30T14:12:38","slug":"reden-reicht-nicht-nicht-klopfen-hilft-der-koerper-weist-den-weg","status":"publish","type":"page","link":"https:\/\/klopfen-hilft.de\/?page_id=111","title":{"rendered":"Der K\u00f6rper weist den Weg"},"content":{"rendered":"<p>Die energetische Psychologie basiert auf traditionellen Coaching- und Psychotherapiemethoden, bezieht aber auch den K\u00f6rper mit ein: durch Klopfakupressur, Augenbewegungen und andere \u201ebifokal-multisensorische Interventionen\u201c. Wegen der Wechselwirkung zwischen K\u00f6rper und Psyche, auch Embodiment genannt, ist die energetische Psychologie besonders wirksam. Dies wurde in mehr als 100 wissenschaftlichen Studien best\u00e4tigt.<br \/>\nDie energetische Psychologie wirkt beruhigend und st\u00e4rkt die Selbstheilungskr\u00e4fte des K\u00f6rpers. Als hochwirksame Selbsthilfetechnik kann sie Stress und \u00c4ngste lindern und den Alltag erleichtern. Sie eignet sich auch f\u00fcr Kinder. F\u00fcr weitere Informationen rufen Sie mich gerne an!<\/p>\n<p><strong>Anwendungsm\u00f6glichkeiten<\/strong><\/p>\n<ul>\n<li>\u00a0Stress und Burnout<\/li>\n<li>\u00c4ngste und Blockaden (Versagensangst, Lernblockaden u. \u00e4.)<\/li>\n<li>Phobien, Panikattacken<img loading=\"lazy\" decoding=\"async\" class=\"alignright wp-image-38 size-medium\" src=\"https:\/\/klopfen-hilft.de\/wp-content\/uploads\/2017\/08\/Klopftherapie-Hamburg-2-300x300.png\" alt=\"\" width=\"300\" height=\"300\" srcset=\"https:\/\/klopfen-hilft.de\/wp-content\/uploads\/2017\/08\/Klopftherapie-Hamburg-2-300x300.png 300w, https:\/\/klopfen-hilft.de\/wp-content\/uploads\/2017\/08\/Klopftherapie-Hamburg-2-150x150.png 150w, https:\/\/klopfen-hilft.de\/wp-content\/uploads\/2017\/08\/Klopftherapie-Hamburg-2-250x250.png 250w, https:\/\/klopfen-hilft.de\/wp-content\/uploads\/2017\/08\/Klopftherapie-Hamburg-2.png 500w, https:\/\/klopfen-hilft.de\/wp-content\/uploads\/2017\/08\/Klopftherapie-Hamburg-2-174x174.png 174w\" sizes=\"(max-width: 300px) 100vw, 300px\" \/><\/li>\n<li>depressive Verstimmungen<\/li>\n<li>anhaltende negative Emotionen (\u00c4rger, Groll, Trauer)<\/li>\n<li>zwanghafte Vorstellungen und Handlungen (Tics)<\/li>\n<li>Trennungen und Krisen<\/li>\n<li>belastende Erlebnisse (Traumata, Unf\u00e4lle, Operationen, Verluste)<\/li>\n<li>k\u00f6rperliche Beschwerden (erg\u00e4nzend zu einer medizinischen Behandlung)<\/li>\n<li>zur Leistungssteigerung und Potentialentfaltung<\/li>\n<\/ul>\n","protected":false},"excerpt":{"rendered":"<p>Die energetische Psychologie basiert auf traditionellen Coaching- und Psychotherapiemethoden, bezieht aber auch den K\u00f6rper mit ein: durch Klopfakupressur, Augenbewegungen und andere \u201ebifokal-multisensorische Interventionen\u201c. Wegen der Wechselwirkung zwischen K\u00f6rper und Psyche, auch Embodiment genannt, ist die energetische Psychologie besonders wirksam. Dies wurde in mehr als 100 wissenschaftlichen Studien best\u00e4tigt. Die energetische Psychologie wirkt beruhigend und st\u00e4rkt &hellip; <\/p>\n<p class=\"link-more\"><a href=\"https:\/\/klopfen-hilft.de\/?page_id=111\" class=\"more-link\"><span class=\"screen-reader-text\">\u201eDer K\u00f6rper weist den Weg\u201c<\/span> weiterlesen<\/a><\/p>\n","protected":false},"author":1,"featured_media":0,"parent":0,"menu_order":0,"comment_status":"closed","ping_status":"closed","template":"","meta":{"footnotes":""},"yoast_head":"<!-- This site is optimized with the Yoast SEO plugin v22.8 - https:\/\/yoast.com\/wordpress\/plugins\/seo\/ -->\n<title>Der K\u00f6rper weist den Weg - Reden reicht nicht \u2013 Klopfen hilft!<\/title>\n<meta name=\"description\" content=\"Reden reicht nicht \u2013 Klopfen hilft. Stress verringern und Ziele erreichen mit EFT-Klopfakupressur und energetischer Psychologie in Hamburg\" \/>\n<meta name=\"robots\" content=\"index, follow, max-snippet:-1, max-image-preview:large, max-video-preview:-1\" \/>\n<link rel=\"canonical\" href=\"https:\/\/klopfen-hilft.de\/?page_id=111\" \/>\n<meta property=\"og:locale\" content=\"de_DE\" \/>\n<meta property=\"og:type\" content=\"article\" \/>\n<meta property=\"og:title\" content=\"Der K\u00f6rper weist den Weg - Reden reicht nicht \u2013 Klopfen hilft!\" \/>\n<meta property=\"og:description\" content=\"Reden reicht nicht \u2013 Klopfen hilft. Stress verringern und Ziele erreichen mit EFT-Klopfakupressur und energetischer Psychologie in Hamburg\" \/>\n<meta property=\"og:url\" content=\"https:\/\/klopfen-hilft.de\/?page_id=111\" \/>\n<meta property=\"og:site_name\" content=\"Reden reicht nicht \u2013 Klopfen hilft!\" \/>\n<meta property=\"article:modified_time\" content=\"2023-05-30T14:12:38+00:00\" \/>\n<meta property=\"og:image\" content=\"https:\/\/klopfen-hilft.de\/wp-content\/uploads\/2017\/08\/Klopftherapie-Hamburg-2-300x300.png\" \/>\n<meta name=\"twitter:card\" content=\"summary_large_image\" \/>\n<meta name=\"twitter:label1\" content=\"Gesch\u00e4tzte Lesezeit\" \/>\n\t<meta name=\"twitter:data1\" content=\"1\u00a0Minute\" \/>\n<script type=\"application\/ld+json\" class=\"yoast-schema-graph\">{\"@context\":\"https:\/\/schema.org\",\"@graph\":[{\"@type\":\"WebPage\",\"@id\":\"https:\/\/klopfen-hilft.de\/?page_id=111\",\"url\":\"https:\/\/klopfen-hilft.de\/?page_id=111\",\"name\":\"Der K\u00f6rper weist den Weg - Reden reicht nicht \u2013 Klopfen hilft!\",\"isPartOf\":{\"@id\":\"https:\/\/klopfen-hilft.de\/#website\"},\"primaryImageOfPage\":{\"@id\":\"https:\/\/klopfen-hilft.de\/?page_id=111#primaryimage\"},\"image\":{\"@id\":\"https:\/\/klopfen-hilft.de\/?page_id=111#primaryimage\"},\"thumbnailUrl\":\"https:\/\/klopfen-hilft.de\/wp-content\/uploads\/2017\/08\/Klopftherapie-Hamburg-2-300x300.png\",\"datePublished\":\"2017-09-10T13:34:21+00:00\",\"dateModified\":\"2023-05-30T14:12:38+00:00\",\"description\":\"Reden reicht nicht \u2013 Klopfen hilft. Stress verringern und Ziele erreichen mit EFT-Klopfakupressur und energetischer Psychologie in Hamburg\",\"breadcrumb\":{\"@id\":\"https:\/\/klopfen-hilft.de\/?page_id=111#breadcrumb\"},\"inLanguage\":\"de\",\"potentialAction\":[{\"@type\":\"ReadAction\",\"target\":[\"https:\/\/klopfen-hilft.de\/?page_id=111\"]}]},{\"@type\":\"ImageObject\",\"inLanguage\":\"de\",\"@id\":\"https:\/\/klopfen-hilft.de\/?page_id=111#primaryimage\",\"url\":\"https:\/\/klopfen-hilft.de\/wp-content\/uploads\/2017\/08\/Klopftherapie-Hamburg-2.png\",\"contentUrl\":\"https:\/\/klopfen-hilft.de\/wp-content\/uploads\/2017\/08\/Klopftherapie-Hamburg-2.png\",\"width\":500,\"height\":500},{\"@type\":\"BreadcrumbList\",\"@id\":\"https:\/\/klopfen-hilft.de\/?page_id=111#breadcrumb\",\"itemListElement\":[{\"@type\":\"ListItem\",\"position\":1,\"name\":\"Startseite\",\"item\":\"https:\/\/klopfen-hilft.de\/\"},{\"@type\":\"ListItem\",\"position\":2,\"name\":\"Der K\u00f6rper weist den Weg\"}]},{\"@type\":\"WebSite\",\"@id\":\"https:\/\/klopfen-hilft.de\/#website\",\"url\":\"https:\/\/klopfen-hilft.de\/\",\"name\":\"Reden reicht nicht \u2013 Klopfen hilft!\",\"description\":\"Gesundheit und Wohlbefinden mit energetischer Psychologie\",\"potentialAction\":[{\"@type\":\"SearchAction\",\"target\":{\"@type\":\"EntryPoint\",\"urlTemplate\":\"https:\/\/klopfen-hilft.de\/?s={search_term_string}\"},\"query-input\":\"required name=search_term_string\"}],\"inLanguage\":\"de\"}]}<\/script>\n<!-- \/ Yoast SEO plugin. -->","yoast_head_json":{"title":"Der K\u00f6rper weist den Weg - Reden reicht nicht \u2013 Klopfen hilft!","description":"Reden reicht nicht \u2013 Klopfen hilft. Stress verringern und Ziele erreichen mit EFT-Klopfakupressur und energetischer Psychologie in Hamburg","robots":{"index":"index","follow":"follow","max-snippet":"max-snippet:-1","max-image-preview":"max-image-preview:large","max-video-preview":"max-video-preview:-1"},"canonical":"https:\/\/klopfen-hilft.de\/?page_id=111","og_locale":"de_DE","og_type":"article","og_title":"Der K\u00f6rper weist den Weg - Reden reicht nicht \u2013 Klopfen hilft!","og_description":"Reden reicht nicht \u2013 Klopfen hilft. Stress verringern und Ziele erreichen mit EFT-Klopfakupressur und energetischer Psychologie in Hamburg","og_url":"https:\/\/klopfen-hilft.de\/?page_id=111","og_site_name":"Reden reicht nicht \u2013 Klopfen hilft!","article_modified_time":"2023-05-30T14:12:38+00:00","og_image":[{"url":"https:\/\/klopfen-hilft.de\/wp-content\/uploads\/2017\/08\/Klopftherapie-Hamburg-2-300x300.png"}],"twitter_card":"summary_large_image","twitter_misc":{"Gesch\u00e4tzte Lesezeit":"1\u00a0Minute"},"schema":{"@context":"https:\/\/schema.org","@graph":[{"@type":"WebPage","@id":"https:\/\/klopfen-hilft.de\/?page_id=111","url":"https:\/\/klopfen-hilft.de\/?page_id=111","name":"Der K\u00f6rper weist den Weg - Reden reicht nicht \u2013 Klopfen hilft!","isPartOf":{"@id":"https:\/\/klopfen-hilft.de\/#website"},"primaryImageOfPage":{"@id":"https:\/\/klopfen-hilft.de\/?page_id=111#primaryimage"},"image":{"@id":"https:\/\/klopfen-hilft.de\/?page_id=111#primaryimage"},"thumbnailUrl":"https:\/\/klopfen-hilft.de\/wp-content\/uploads\/2017\/08\/Klopftherapie-Hamburg-2-300x300.png","datePublished":"2017-09-10T13:34:21+00:00","dateModified":"2023-05-30T14:12:38+00:00","description":"Reden reicht nicht \u2013 Klopfen hilft. Stress verringern und Ziele erreichen mit EFT-Klopfakupressur und energetischer Psychologie in Hamburg","breadcrumb":{"@id":"https:\/\/klopfen-hilft.de\/?page_id=111#breadcrumb"},"inLanguage":"de","potentialAction":[{"@type":"ReadAction","target":["https:\/\/klopfen-hilft.de\/?page_id=111"]}]},{"@type":"ImageObject","inLanguage":"de","@id":"https:\/\/klopfen-hilft.de\/?page_id=111#primaryimage","url":"https:\/\/klopfen-hilft.de\/wp-content\/uploads\/2017\/08\/Klopftherapie-Hamburg-2.png","contentUrl":"https:\/\/klopfen-hilft.de\/wp-content\/uploads\/2017\/08\/Klopftherapie-Hamburg-2.png","width":500,"height":500},{"@type":"BreadcrumbList","@id":"https:\/\/klopfen-hilft.de\/?page_id=111#breadcrumb","itemListElement":[{"@type":"ListItem","position":1,"name":"Startseite","item":"https:\/\/klopfen-hilft.de\/"},{"@type":"ListItem","position":2,"name":"Der K\u00f6rper weist den Weg"}]},{"@type":"WebSite","@id":"https:\/\/klopfen-hilft.de\/#website","url":"https:\/\/klopfen-hilft.de\/","name":"Reden reicht nicht \u2013 Klopfen hilft!","description":"Gesundheit und Wohlbefinden mit energetischer Psychologie","potentialAction":[{"@type":"SearchAction","target":{"@type":"EntryPoint","urlTemplate":"https:\/\/klopfen-hilft.de\/?s={search_term_string}"},"query-input":"required name=search_term_string"}],"inLanguage":"de"}]}},"_links":{"self":[{"href":"https:\/\/klopfen-hilft.de\/index.php?rest_route=\/wp\/v2\/pages\/111"}],"collection":[{"href":"https:\/\/klopfen-hilft.de\/index.php?rest_route=\/wp\/v2\/pages"}],"about":[{"href":"https:\/\/klopfen-hilft.de\/index.php?rest_route=\/wp\/v2\/types\/page"}],"author":[{"embeddable":true,"href":"https:\/\/klopfen-hilft.de\/index.php?rest_route=\/wp\/v2\/users\/1"}],"replies":[{"embeddable":true,"href":"https:\/\/klopfen-hilft.de\/index.php?rest_route=%2Fwp%2Fv2%2Fcomments&post=111"}],"version-history":[{"count":21,"href":"https:\/\/klopfen-hilft.de\/index.php?rest_route=\/wp\/v2\/pages\/111\/revisions"}],"predecessor-version":[{"id":377,"href":"https:\/\/klopfen-hilft.de\/index.php?rest_route=\/wp\/v2\/pages\/111\/revisions\/377"}],"wp:attachment":[{"href":"https:\/\/klopfen-hilft.de\/index.php?rest_route=%2Fwp%2Fv2%2Fmedia&parent=111"}],"curies":[{"name":"wp","href":"https:\/\/api.w.org\/{rel}","templated":true}]}}